{"id":2310,"date":"2020-12-13T19:11:51","date_gmt":"2020-12-13T19:11:51","guid":{"rendered":"https:\/\/rotsvanredding.templ8.nl\/contacto\/"},"modified":"2025-05-06T12:42:10","modified_gmt":"2025-05-06T12:42:10","slug":"contacto","status":"publish","type":"page","link":"https:\/\/rotsvanredding.nl\/es\/contacto\/","title":{"rendered":"Contacto"},"content":{"rendered":"\t\t<div data-elementor-type=\"wp-page\" data-elementor-id=\"2310\" class=\"elementor elementor-2310 elementor-1639\" data-elementor-post-type=\"page\">\n\t\t\t\t\t\t<section class=\"elementor-section elementor-top-section elementor-element elementor-element-6c274ad9 elementor-section-boxed elementor-section-height-default elementor-section-height-default\" data-id=\"6c274ad9\" data-element_type=\"section\" data-e-type=\"section\">\n\t\t\t\t\t\t<div class=\"elementor-container elementor-column-gap-default\">\n\t\t\t\t\t<div class=\"elementor-column elementor-col-100 elementor-top-column elementor-element elementor-element-4aee83cf\" data-id=\"4aee83cf\" data-element_type=\"column\" data-e-type=\"column\">\n\t\t\t<div class=\"elementor-widget-wrap elementor-element-populated\">\n\t\t\t\t\t\t<div class=\"elementor-element elementor-element-ad96970 elementor-widget elementor-widget-heading\" data-id=\"ad96970\" data-element_type=\"widget\" data-e-type=\"widget\" data-widget_type=\"heading.default\">\n\t\t\t\t<div class=\"elementor-widget-container\">\n\t\t\t\t\t<h2 class=\"elementor-heading-title elementor-size-default\">Contacto con nosotros<\/h2>\t\t\t\t<\/div>\n\t\t\t\t<\/div>\n\t\t\t\t<div class=\"elementor-element elementor-element-d8edb0d elementor-widget elementor-widget-text-editor\" data-id=\"d8edb0d\" data-element_type=\"widget\" data-e-type=\"widget\" data-widget_type=\"text-editor.default\">\n\t\t\t\t<div class=\"elementor-widget-container\">\n\t\t\t\t\t\t\t\t\t<p>Cualquiera, pues, que me oye estas palabras, y las hace, le comparar\u00e9 \u00e1 un hombre prudente, que edific\u00f3 su casa sobre la pe\u00f1a<\/p>\t\t\t\t\t\t\t\t<\/div>\n\t\t\t\t<\/div>\n\t\t\t\t<div class=\"elementor-element elementor-element-0ed8dd4 elementor-widget elementor-widget-text-editor\" data-id=\"0ed8dd4\" data-element_type=\"widget\" data-e-type=\"widget\" data-widget_type=\"text-editor.default\">\n\t\t\t\t<div class=\"elementor-widget-container\">\n\t\t\t\t\t\t\t\t\t<p>Mateo 7, vers\u00edculo 24<\/p>\t\t\t\t\t\t\t\t<\/div>\n\t\t\t\t<\/div>\n\t\t\t\t<div class=\"elementor-element elementor-element-f9d119a elementor-icon-list--layout-traditional elementor-list-item-link-full_width elementor-widget elementor-widget-icon-list\" data-id=\"f9d119a\" data-element_type=\"widget\" data-e-type=\"widget\" data-widget_type=\"icon-list.default\">\n\t\t\t\t<div class=\"elementor-widget-container\">\n\t\t\t\t\t\t\t<ul class=\"elementor-icon-list-items\">\n\t\t\t\t\t\t\t<li class=\"elementor-icon-list-item\">\n\t\t\t\t\t\t\t\t\t\t\t<span class=\"elementor-icon-list-icon\">\n\t\t\t\t\t\t\t<i aria-hidden=\"true\" class=\"fas fa-map-marker-alt\"><\/i>\t\t\t\t\t\t<\/span>\n\t\t\t\t\t\t\t\t\t\t<span class=\"elementor-icon-list-text\">Dirk Huizingastraat 17, Groningen En el Ej\u00e9rcito de Salvaci\u00f3n  <\/span>\n\t\t\t\t\t\t\t\t\t<\/li>\n\t\t\t\t\t\t\t\t<li class=\"elementor-icon-list-item\">\n\t\t\t\t\t\t\t\t\t\t\t<a href=\"mailto:info@rotsvanredding.nl\">\n\n\t\t\t\t\t\t\t\t\t\t\t\t<span class=\"elementor-icon-list-icon\">\n\t\t\t\t\t\t\t<i aria-hidden=\"true\" class=\"fas fa-envelope\"><\/i>\t\t\t\t\t\t<\/span>\n\t\t\t\t\t\t\t\t\t\t<span class=\"elementor-icon-list-text\">info@rotsvanredding.nl<\/span>\n\t\t\t\t\t\t\t\t\t\t\t<\/a>\n\t\t\t\t\t\t\t\t\t<\/li>\n\t\t\t\t\t\t\t\t<li class=\"elementor-icon-list-item\">\n\t\t\t\t\t\t\t\t\t\t\t<a href=\"tel:0630683272\">\n\n\t\t\t\t\t\t\t\t\t\t\t\t<span class=\"elementor-icon-list-icon\">\n\t\t\t\t\t\t\t<i aria-hidden=\"true\" class=\"fas fa-phone-alt\"><\/i>\t\t\t\t\t\t<\/span>\n\t\t\t\t\t\t\t\t\t\t<span class=\"elementor-icon-list-text\">0630683272<\/span>\n\t\t\t\t\t\t\t\t\t\t\t<\/a>\n\t\t\t\t\t\t\t\t\t<\/li>\n\t\t\t\t\t\t\t\t<li class=\"elementor-icon-list-item\">\n\t\t\t\t\t\t\t\t\t\t\t<span class=\"elementor-icon-list-icon\">\n\t\t\t\t\t\t\t<i aria-hidden=\"true\" class=\"fas fa-euro-sign\"><\/i>\t\t\t\t\t\t<\/span>\n\t\t\t\t\t\t\t\t\t\t<span class=\"elementor-icon-list-text\">N\u00famero de cuenta bancaria: NL07INGB0104984449<\/span>\n\t\t\t\t\t\t\t\t\t<\/li>\n\t\t\t\t\t\t<\/ul>\n\t\t\t\t\t\t<\/div>\n\t\t\t\t<\/div>\n\t\t\t\t<div class=\"elementor-element elementor-element-c53f89f elementor-widget elementor-widget-image\" data-id=\"c53f89f\" data-element_type=\"widget\" data-e-type=\"widget\" data-widget_type=\"image.default\">\n\t\t\t\t<div class=\"elementor-widget-container\">\n\t\t\t\t\t\t\t\t\t\t\t\t\t\t\t<img fetchpriority=\"high\" decoding=\"async\" width=\"800\" height=\"800\" src=\"https:\/\/rotsvanredding.nl\/wp-content\/uploads\/2020\/10\/QR-enkel-code.png\" class=\"attachment-large size-large wp-image-2606\" alt=\"\" srcset=\"https:\/\/rotsvanredding.nl\/wp-content\/uploads\/2020\/10\/QR-enkel-code.png 1000w, https:\/\/rotsvanredding.nl\/wp-content\/uploads\/2020\/10\/QR-enkel-code-300x300.png 300w, https:\/\/rotsvanredding.nl\/wp-content\/uploads\/2020\/10\/QR-enkel-code-150x150.png 150w, https:\/\/rotsvanredding.nl\/wp-content\/uploads\/2020\/10\/QR-enkel-code-768x768.png 768w\" sizes=\"(max-width: 800px) 100vw, 800px\" \/>\t\t\t\t\t\t\t\t\t\t\t\t\t\t\t<\/div>\n\t\t\t\t<\/div>\n\t\t\t\t\t<\/div>\n\t\t<\/div>\n\t\t\t\t\t<\/div>\n\t\t<\/section>\n\t\t\t\t<\/div>\n\t\t","protected":false},"excerpt":{"rendered":"<p>Contacto con nosotros Cualquiera, pues, que me oye estas palabras, y las hace, le comparar\u00e9 \u00e1 un hombre prudente, que edific\u00f3 su casa sobre la pe\u00f1a Mateo 7, vers\u00edculo 24 Dirk Huizingastraat 17, Groningen En el Ej\u00e9rcito de Salvaci\u00f3n info@rotsvanredding.nl 0630683272 N\u00famero de cuenta bancaria: NL07INGB0104984449<\/p>\n","protected":false},"author":1,"featured_media":2043,"parent":0,"menu_order":0,"comment_status":"closed","ping_status":"closed","template":"","meta":{"footnotes":""},"class_list":["post-2310","page","type-page","status-publish","has-post-thumbnail","hentry"],"yoast_head":"<!-- This site is optimized with the Yoast SEO plugin v27.3 - https:\/\/yoast.com\/product\/yoast-seo-wordpress\/ -->\n<title>Contacto - Rots van Redding<\/title>\n<meta name=\"robots\" content=\"index, follow, max-snippet:-1, max-image-preview:large, max-video-preview:-1\" \/>\n<link rel=\"canonical\" href=\"https:\/\/rotsvanredding.nl\/es\/contacto\/\" \/>\n<meta property=\"og:locale\" content=\"es_ES\" \/>\n<meta property=\"og:type\" content=\"article\" \/>\n<meta property=\"og:title\" content=\"Contacto - Rots van Redding\" \/>\n<meta property=\"og:description\" content=\"Contacto con nosotros Cualquiera, pues, que me oye estas palabras, y las hace, le comparar\u00e9 \u00e1 un hombre prudente, que edific\u00f3 su casa sobre la pe\u00f1a Mateo 7, vers\u00edculo 24 Dirk Huizingastraat 17, Groningen En el Ej\u00e9rcito de Salvaci\u00f3n info@rotsvanredding.nl 0630683272 N\u00famero de cuenta bancaria: NL07INGB0104984449\" \/>\n<meta property=\"og:url\" content=\"https:\/\/rotsvanredding.nl\/es\/contacto\/\" \/>\n<meta property=\"og:site_name\" content=\"Rots van Redding\" \/>\n<meta property=\"article:modified_time\" content=\"2025-05-06T12:42:10+00:00\" \/>\n<meta property=\"og:image\" content=\"https:\/\/rotsvanredding.nl\/wp-content\/uploads\/2022\/07\/pexels-julia-volk-5273455-scaled.jpg\" \/>\n\t<meta property=\"og:image:width\" content=\"2560\" \/>\n\t<meta property=\"og:image:height\" content=\"1707\" \/>\n\t<meta property=\"og:image:type\" content=\"image\/jpeg\" \/>\n<meta name=\"twitter:card\" content=\"summary_large_image\" \/>\n<script type=\"application\/ld+json\" class=\"yoast-schema-graph\">{\"@context\":\"https:\\\/\\\/schema.org\",\"@graph\":[{\"@type\":\"WebPage\",\"@id\":\"https:\\\/\\\/rotsvanredding.nl\\\/es\\\/contacto\\\/\",\"url\":\"https:\\\/\\\/rotsvanredding.nl\\\/es\\\/contacto\\\/\",\"name\":\"Contacto - Rots van Redding\",\"isPartOf\":{\"@id\":\"https:\\\/\\\/rotsvanredding.nl\\\/#website\"},\"primaryImageOfPage\":{\"@id\":\"https:\\\/\\\/rotsvanredding.nl\\\/es\\\/contacto\\\/#primaryimage\"},\"image\":{\"@id\":\"https:\\\/\\\/rotsvanredding.nl\\\/es\\\/contacto\\\/#primaryimage\"},\"thumbnailUrl\":\"https:\\\/\\\/rotsvanredding.nl\\\/wp-content\\\/uploads\\\/2022\\\/07\\\/pexels-julia-volk-5273455-scaled.jpg\",\"datePublished\":\"2020-12-13T19:11:51+00:00\",\"dateModified\":\"2025-05-06T12:42:10+00:00\",\"breadcrumb\":{\"@id\":\"https:\\\/\\\/rotsvanredding.nl\\\/es\\\/contacto\\\/#breadcrumb\"},\"inLanguage\":\"es\",\"potentialAction\":[{\"@type\":\"ReadAction\",\"target\":[\"https:\\\/\\\/rotsvanredding.nl\\\/es\\\/contacto\\\/\"]}]},{\"@type\":\"ImageObject\",\"inLanguage\":\"es\",\"@id\":\"https:\\\/\\\/rotsvanredding.nl\\\/es\\\/contacto\\\/#primaryimage\",\"url\":\"https:\\\/\\\/rotsvanredding.nl\\\/wp-content\\\/uploads\\\/2022\\\/07\\\/pexels-julia-volk-5273455-scaled.jpg\",\"contentUrl\":\"https:\\\/\\\/rotsvanredding.nl\\\/wp-content\\\/uploads\\\/2022\\\/07\\\/pexels-julia-volk-5273455-scaled.jpg\",\"width\":2560,\"height\":1707},{\"@type\":\"BreadcrumbList\",\"@id\":\"https:\\\/\\\/rotsvanredding.nl\\\/es\\\/contacto\\\/#breadcrumb\",\"itemListElement\":[{\"@type\":\"ListItem\",\"position\":1,\"name\":\"Home\",\"item\":\"https:\\\/\\\/rotsvanredding.nl\\\/es\\\/home\\\/\"},{\"@type\":\"ListItem\",\"position\":2,\"name\":\"Contacto\"}]},{\"@type\":\"WebSite\",\"@id\":\"https:\\\/\\\/rotsvanredding.nl\\\/#website\",\"url\":\"https:\\\/\\\/rotsvanredding.nl\\\/\",\"name\":\"Rots van Redding\",\"description\":\"Kom samen om te zingen, bidden, Gods woord te horen en wees onderdeel van de gemeenschap waar iedereen welkom is en heling wordt verkondigd\",\"publisher\":{\"@id\":\"https:\\\/\\\/rotsvanredding.nl\\\/#organization\"},\"potentialAction\":[{\"@type\":\"SearchAction\",\"target\":{\"@type\":\"EntryPoint\",\"urlTemplate\":\"https:\\\/\\\/rotsvanredding.nl\\\/?s={search_term_string}\"},\"query-input\":{\"@type\":\"PropertyValueSpecification\",\"valueRequired\":true,\"valueName\":\"search_term_string\"}}],\"inLanguage\":\"es\"},{\"@type\":\"Organization\",\"@id\":\"https:\\\/\\\/rotsvanredding.nl\\\/#organization\",\"name\":\"Rots van Redding\",\"url\":\"https:\\\/\\\/rotsvanredding.nl\\\/\",\"logo\":{\"@type\":\"ImageObject\",\"inLanguage\":\"es\",\"@id\":\"https:\\\/\\\/rotsvanredding.nl\\\/#\\\/schema\\\/logo\\\/image\\\/\",\"url\":\"https:\\\/\\\/rotsvanredding.nl\\\/wp-content\\\/uploads\\\/2020\\\/10\\\/1000065168-scaled.jpg\",\"contentUrl\":\"https:\\\/\\\/rotsvanredding.nl\\\/wp-content\\\/uploads\\\/2020\\\/10\\\/1000065168-scaled.jpg\",\"width\":2560,\"height\":2560,\"caption\":\"Rots van Redding\"},\"image\":{\"@id\":\"https:\\\/\\\/rotsvanredding.nl\\\/#\\\/schema\\\/logo\\\/image\\\/\"},\"sameAs\":[\"https:\\\/\\\/www.youtube.com\\\/channel\\\/UCpAxLk8ScAksupt8gUY0Mag\"]}]}<\/script>\n<!-- \/ Yoast SEO plugin. -->","yoast_head_json":{"title":"Contacto - Rots van Redding","robots":{"index":"index","follow":"follow","max-snippet":"max-snippet:-1","max-image-preview":"max-image-preview:large","max-video-preview":"max-video-preview:-1"},"canonical":"https:\/\/rotsvanredding.nl\/es\/contacto\/","og_locale":"es_ES","og_type":"article","og_title":"Contacto - Rots van Redding","og_description":"Contacto con nosotros Cualquiera, pues, que me oye estas palabras, y las hace, le comparar\u00e9 \u00e1 un hombre prudente, que edific\u00f3 su casa sobre la pe\u00f1a Mateo 7, vers\u00edculo 24 Dirk Huizingastraat 17, Groningen En el Ej\u00e9rcito de Salvaci\u00f3n info@rotsvanredding.nl 0630683272 N\u00famero de cuenta bancaria: NL07INGB0104984449","og_url":"https:\/\/rotsvanredding.nl\/es\/contacto\/","og_site_name":"Rots van Redding","article_modified_time":"2025-05-06T12:42:10+00:00","og_image":[{"width":2560,"height":1707,"url":"https:\/\/rotsvanredding.nl\/wp-content\/uploads\/2022\/07\/pexels-julia-volk-5273455-scaled.jpg","type":"image\/jpeg"}],"twitter_card":"summary_large_image","schema":{"@context":"https:\/\/schema.org","@graph":[{"@type":"WebPage","@id":"https:\/\/rotsvanredding.nl\/es\/contacto\/","url":"https:\/\/rotsvanredding.nl\/es\/contacto\/","name":"Contacto - Rots van Redding","isPartOf":{"@id":"https:\/\/rotsvanredding.nl\/#website"},"primaryImageOfPage":{"@id":"https:\/\/rotsvanredding.nl\/es\/contacto\/#primaryimage"},"image":{"@id":"https:\/\/rotsvanredding.nl\/es\/contacto\/#primaryimage"},"thumbnailUrl":"https:\/\/rotsvanredding.nl\/wp-content\/uploads\/2022\/07\/pexels-julia-volk-5273455-scaled.jpg","datePublished":"2020-12-13T19:11:51+00:00","dateModified":"2025-05-06T12:42:10+00:00","breadcrumb":{"@id":"https:\/\/rotsvanredding.nl\/es\/contacto\/#breadcrumb"},"inLanguage":"es","potentialAction":[{"@type":"ReadAction","target":["https:\/\/rotsvanredding.nl\/es\/contacto\/"]}]},{"@type":"ImageObject","inLanguage":"es","@id":"https:\/\/rotsvanredding.nl\/es\/contacto\/#primaryimage","url":"https:\/\/rotsvanredding.nl\/wp-content\/uploads\/2022\/07\/pexels-julia-volk-5273455-scaled.jpg","contentUrl":"https:\/\/rotsvanredding.nl\/wp-content\/uploads\/2022\/07\/pexels-julia-volk-5273455-scaled.jpg","width":2560,"height":1707},{"@type":"BreadcrumbList","@id":"https:\/\/rotsvanredding.nl\/es\/contacto\/#breadcrumb","itemListElement":[{"@type":"ListItem","position":1,"name":"Home","item":"https:\/\/rotsvanredding.nl\/es\/home\/"},{"@type":"ListItem","position":2,"name":"Contacto"}]},{"@type":"WebSite","@id":"https:\/\/rotsvanredding.nl\/#website","url":"https:\/\/rotsvanredding.nl\/","name":"Rots van Redding","description":"Kom samen om te zingen, bidden, Gods woord te horen en wees onderdeel van de gemeenschap waar iedereen welkom is en heling wordt verkondigd","publisher":{"@id":"https:\/\/rotsvanredding.nl\/#organization"},"potentialAction":[{"@type":"SearchAction","target":{"@type":"EntryPoint","urlTemplate":"https:\/\/rotsvanredding.nl\/?s={search_term_string}"},"query-input":{"@type":"PropertyValueSpecification","valueRequired":true,"valueName":"search_term_string"}}],"inLanguage":"es"},{"@type":"Organization","@id":"https:\/\/rotsvanredding.nl\/#organization","name":"Rots van Redding","url":"https:\/\/rotsvanredding.nl\/","logo":{"@type":"ImageObject","inLanguage":"es","@id":"https:\/\/rotsvanredding.nl\/#\/schema\/logo\/image\/","url":"https:\/\/rotsvanredding.nl\/wp-content\/uploads\/2020\/10\/1000065168-scaled.jpg","contentUrl":"https:\/\/rotsvanredding.nl\/wp-content\/uploads\/2020\/10\/1000065168-scaled.jpg","width":2560,"height":2560,"caption":"Rots van Redding"},"image":{"@id":"https:\/\/rotsvanredding.nl\/#\/schema\/logo\/image\/"},"sameAs":["https:\/\/www.youtube.com\/channel\/UCpAxLk8ScAksupt8gUY0Mag"]}]}},"_links":{"self":[{"href":"https:\/\/rotsvanredding.nl\/es\/wp-json\/wp\/v2\/pages\/2310","targetHints":{"allow":["GET"]}}],"collection":[{"href":"https:\/\/rotsvanredding.nl\/es\/wp-json\/wp\/v2\/pages"}],"about":[{"href":"https:\/\/rotsvanredding.nl\/es\/wp-json\/wp\/v2\/types\/page"}],"author":[{"embeddable":true,"href":"https:\/\/rotsvanredding.nl\/es\/wp-json\/wp\/v2\/users\/1"}],"replies":[{"embeddable":true,"href":"https:\/\/rotsvanredding.nl\/es\/wp-json\/wp\/v2\/comments?post=2310"}],"version-history":[{"count":0,"href":"https:\/\/rotsvanredding.nl\/es\/wp-json\/wp\/v2\/pages\/2310\/revisions"}],"wp:featuredmedia":[{"embeddable":true,"href":"https:\/\/rotsvanredding.nl\/es\/wp-json\/wp\/v2\/media\/2043"}],"wp:attachment":[{"href":"https:\/\/rotsvanredding.nl\/es\/wp-json\/wp\/v2\/media?parent=2310"}],"curies":[{"name":"wp","href":"https:\/\/api.w.org\/{rel}","templated":true}]}}